{"id":8754,"date":"2016-03-14T14:33:38","date_gmt":"2016-03-14T14:33:38","guid":{"rendered":"http:\/\/brooklyn.fatmoon.kinsta.com\/?page_id=2"},"modified":"2024-09-04T12:02:17","modified_gmt":"2024-09-04T12:02:17","slug":"home","status":"publish","type":"page","link":"https:\/\/weiselogik.de\/?page_id=8754&lang=en","title":{"rendered":"Home"},"content":{"rendered":"\t\t<div data-elementor-type=\"wp-post\" data-elementor-id=\"8754\" class=\"elementor elementor-8754\">\n\t\t\t\t\t\t<section class=\"elementor-section elementor-top-section elementor-element elementor-element-bcec401 elementor-section-stretched elementor-section-full_width elementor-section-height-min-height elementor-section-items-top elementor-section-content-top elementor-section-height-default\" data-id=\"bcec401\" data-element_type=\"section\" id=\"home\" data-settings=\"{&quot;stretch_section&quot;:&quot;section-stretched&quot;,&quot;background_background&quot;:&quot;classic&quot;,&quot;shape_divider_bottom&quot;:&quot;tilt&quot;}\">\n\t\t\t\t\t\t\t<div class=\"elementor-background-overlay\"><\/div>\n\t\t\t\t\t\t<div class=\"elementor-shape elementor-shape-bottom\" data-negative=\"false\">\n\t\t\t<svg xmlns=\"http:\/\/www.w3.org\/2000\/svg\" viewBox=\"0 0 1000 100\" preserveAspectRatio=\"none\">\n\t<path class=\"elementor-shape-fill\" d=\"M0,6V0h1000v100L0,6z\"\/>\n<\/svg>\t\t<\/div>\n\t\t\t\t\t<div class=\"elementor-container elementor-column-gap-default\">\n\t\t\t\t\t<div class=\"elementor-column elementor-col-100 elementor-top-column elementor-element elementor-element-52a7eaf animated-slow elementor-invisible\" data-id=\"52a7eaf\" data-element_type=\"column\" data-settings=\"{&quot;animation&quot;:&quot;fadeIn&quot;,&quot;animation_delay&quot;:500}\">\n\t\t\t<div class=\"elementor-widget-wrap elementor-element-populated\">\n\t\t\t\t\t\t<div class=\"elementor-element elementor-element-0761e41 elementor-widget elementor-widget-image\" data-id=\"0761e41\" data-element_type=\"widget\" data-widget_type=\"image.default\">\n\t\t\t\t<div class=\"elementor-widget-container\">\n\t\t\t<style>\/*! elementor - v3.23.0 - 05-08-2024 *\/\n.elementor-widget-image{text-align:center}.elementor-widget-image a{display:inline-block}.elementor-widget-image a img[src$=\".svg\"]{width:48px}.elementor-widget-image img{vertical-align:middle;display:inline-block}<\/style>\t\t\t\t\t\t\t\t\t\t<img decoding=\"async\" width=\"150\" height=\"150\" src=\"https:\/\/weiselogik.de\/wp-content\/uploads\/2022\/11\/WL-logo-negyzet-2szin-150x150.png\" class=\"attachment-thumbnail size-thumbnail wp-image-12225\" alt=\"\" srcset=\"https:\/\/weiselogik.de\/wp-content\/uploads\/2022\/11\/WL-logo-negyzet-2szin-150x150.png 150w, https:\/\/weiselogik.de\/wp-content\/uploads\/2022\/11\/WL-logo-negyzet-2szin-300x300.png 300w, https:\/\/weiselogik.de\/wp-content\/uploads\/2022\/11\/WL-logo-negyzet-2szin-768x770.png 768w, https:\/\/weiselogik.de\/wp-content\/uploads\/2022\/11\/WL-logo-negyzet-2szin.png 949w\" sizes=\"(max-width: 150px) 100vw, 150px\" \/>\t\t\t\t\t\t\t\t\t\t\t\t\t<\/div>\n\t\t\t\t<\/div>\n\t\t\t\t<div class=\"elementor-element elementor-element-3a2a2a4 elementor-widget elementor-widget-spacer\" data-id=\"3a2a2a4\" data-element_type=\"widget\" data-widget_type=\"spacer.default\">\n\t\t\t\t<div class=\"elementor-widget-container\">\n\t\t\t<style>\/*! elementor - v3.23.0 - 05-08-2024 *\/\n.elementor-column .elementor-spacer-inner{height:var(--spacer-size)}.e-con{--container-widget-width:100%}.e-con-inner>.elementor-widget-spacer,.e-con>.elementor-widget-spacer{width:var(--container-widget-width,var(--spacer-size));--align-self:var(--container-widget-align-self,initial);--flex-shrink:0}.e-con-inner>.elementor-widget-spacer>.elementor-widget-container,.e-con>.elementor-widget-spacer>.elementor-widget-container{height:100%;width:100%}.e-con-inner>.elementor-widget-spacer>.elementor-widget-container>.elementor-spacer,.e-con>.elementor-widget-spacer>.elementor-widget-container>.elementor-spacer{height:100%}.e-con-inner>.elementor-widget-spacer>.elementor-widget-container>.elementor-spacer>.elementor-spacer-inner,.e-con>.elementor-widget-spacer>.elementor-widget-container>.elementor-spacer>.elementor-spacer-inner{height:var(--container-widget-height,var(--spacer-size))}.e-con-inner>.elementor-widget-spacer.elementor-widget-empty,.e-con>.elementor-widget-spacer.elementor-widget-empty{position:relative;min-height:22px;min-width:22px}.e-con-inner>.elementor-widget-spacer.elementor-widget-empty .elementor-widget-empty-icon,.e-con>.elementor-widget-spacer.elementor-widget-empty .elementor-widget-empty-icon{position:absolute;top:0;bottom:0;left:0;right:0;margin:auto;padding:0;width:22px;height:22px}<\/style>\t\t<div class=\"elementor-spacer\">\n\t\t\t<div class=\"elementor-spacer-inner\"><\/div>\n\t\t<\/div>\n\t\t\t\t<\/div>\n\t\t\t\t<\/div>\n\t\t\t\t\t<\/div>\n\t\t<\/div>\n\t\t\t\t\t<\/div>\n\t\t<\/section>\n\t\t\t\t<section class=\"elementor-section elementor-top-section elementor-element elementor-element-54ac680 elementor-section-boxed elementor-section-height-default elementor-section-height-default\" data-id=\"54ac680\" data-element_type=\"section\">\n\t\t\t\t\t\t<div class=\"elementor-container elementor-column-gap-no\">\n\t\t\t\t\t<div class=\"elementor-column elementor-col-100 elementor-top-column elementor-element elementor-element-13836a1\" data-id=\"13836a1\" data-element_type=\"column\">\n\t\t\t<div class=\"elementor-widget-wrap elementor-element-populated\">\n\t\t\t\t\t\t<div class=\"elementor-element elementor-element-cd854f3 elementor-widget elementor-widget-image\" data-id=\"cd854f3\" data-element_type=\"widget\" data-widget_type=\"image.default\">\n\t\t\t\t<div class=\"elementor-widget-container\">\n\t\t\t\t\t\t\t\t\t\t\t\t\t\t<a href=\"#about\">\n\t\t\t\t\t\t\t<img decoding=\"async\" width=\"297\" height=\"35\" src=\"https:\/\/weiselogik.de\/wp-content\/uploads\/2019\/02\/lander-downBTN.png\" class=\"attachment-full size-full wp-image-12108\" alt=\"\" \/>\t\t\t\t\t\t\t\t<\/a>\n\t\t\t\t\t\t\t\t\t\t\t\t\t<\/div>\n\t\t\t\t<\/div>\n\t\t\t\t\t<\/div>\n\t\t<\/div>\n\t\t\t\t\t<\/div>\n\t\t<\/section>\n\t\t\t\t<section class=\"elementor-section elementor-top-section elementor-element elementor-element-da90923 elementor-section-boxed elementor-section-height-default elementor-section-height-default\" data-id=\"da90923\" data-element_type=\"section\" id=\"about-us\">\n\t\t\t\t\t\t<div class=\"elementor-container elementor-column-gap-default\">\n\t\t\t\t\t<div class=\"elementor-column elementor-col-100 elementor-top-column elementor-element elementor-element-d2b347a\" data-id=\"d2b347a\" data-element_type=\"column\">\n\t\t\t<div class=\"elementor-widget-wrap elementor-element-populated\">\n\t\t\t\t\t\t<section class=\"elementor-section elementor-inner-section elementor-element elementor-element-7631cfa elementor-section-boxed elementor-section-height-default elementor-section-height-default\" data-id=\"7631cfa\" data-element_type=\"section\">\n\t\t\t\t\t\t<div class=\"elementor-container elementor-column-gap-default\">\n\t\t\t\t\t<div class=\"elementor-column elementor-col-50 elementor-inner-column elementor-element elementor-element-b8a9bfc\" data-id=\"b8a9bfc\" data-element_type=\"column\">\n\t\t\t<div class=\"elementor-widget-wrap elementor-element-populated\">\n\t\t\t\t\t\t<div class=\"elementor-element elementor-element-9bf1841 elementor-widget elementor-widget-image\" data-id=\"9bf1841\" data-element_type=\"widget\" data-widget_type=\"image.default\">\n\t\t\t\t<div class=\"elementor-widget-container\">\n\t\t\t\t\t\t\t\t\t\t\t\t\t<img fetchpriority=\"high\" decoding=\"async\" width=\"256\" height=\"256\" src=\"https:\/\/weiselogik.de\/wp-content\/uploads\/bulb.png\" class=\"attachment-large size-large wp-image-12283\" alt=\"\" srcset=\"https:\/\/weiselogik.de\/wp-content\/uploads\/bulb.png 256w, https:\/\/weiselogik.de\/wp-content\/uploads\/bulb-150x150.png 150w, https:\/\/weiselogik.de\/wp-content\/uploads\/elementor\/thumbs\/bulb-pxgd6jtket48lfnh957eb1qipxw5wqjalyc6sw24c4.png 50w\" sizes=\"(max-width: 256px) 100vw, 256px\" \/>\t\t\t\t\t\t\t\t\t\t\t\t\t<\/div>\n\t\t\t\t<\/div>\n\t\t\t\t<div class=\"elementor-element elementor-element-37be210 elementor-widget elementor-widget-text-editor\" data-id=\"37be210\" data-element_type=\"widget\" data-widget_type=\"text-editor.default\">\n\t\t\t\t<div class=\"elementor-widget-container\">\n\t\t\t<style>\/*! elementor - v3.23.0 - 05-08-2024 *\/\n.elementor-widget-text-editor.elementor-drop-cap-view-stacked .elementor-drop-cap{background-color:#69727d;color:#fff}.elementor-widget-text-editor.elementor-drop-cap-view-framed .elementor-drop-cap{color:#69727d;border:3px solid;background-color:transparent}.elementor-widget-text-editor:not(.elementor-drop-cap-view-default) .elementor-drop-cap{margin-top:8px}.elementor-widget-text-editor:not(.elementor-drop-cap-view-default) .elementor-drop-cap-letter{width:1em;height:1em}.elementor-widget-text-editor .elementor-drop-cap{float:left;text-align:center;line-height:1;font-size:50px}.elementor-widget-text-editor .elementor-drop-cap-letter{display:inline-block}<\/style>\t\t\t\t<p>We source and develop solutions for the IT industry. We create scalable, open and flexible solutions, integrating innovation, knowledge and change management.<\/p>\t\t\t\t\t\t<\/div>\n\t\t\t\t<\/div>\n\t\t\t\t\t<\/div>\n\t\t<\/div>\n\t\t\t\t<div class=\"elementor-column elementor-col-50 elementor-inner-column elementor-element elementor-element-47ca834\" data-id=\"47ca834\" data-element_type=\"column\">\n\t\t\t<div class=\"elementor-widget-wrap elementor-element-populated\">\n\t\t\t\t\t\t<div class=\"elementor-element elementor-element-b4b1c99 elementor-widget elementor-widget-image\" data-id=\"b4b1c99\" data-element_type=\"widget\" data-widget_type=\"image.default\">\n\t\t\t\t<div class=\"elementor-widget-container\">\n\t\t\t\t\t\t\t\t\t\t\t\t\t<img loading=\"lazy\" decoding=\"async\" width=\"256\" height=\"256\" src=\"https:\/\/weiselogik.de\/wp-content\/uploads\/networking.png\" class=\"attachment-large size-large wp-image-12287\" alt=\"\" srcset=\"https:\/\/weiselogik.de\/wp-content\/uploads\/networking.png 256w, https:\/\/weiselogik.de\/wp-content\/uploads\/networking-150x150.png 150w\" sizes=\"(max-width: 256px) 100vw, 256px\" \/>\t\t\t\t\t\t\t\t\t\t\t\t\t<\/div>\n\t\t\t\t<\/div>\n\t\t\t\t<div class=\"elementor-element elementor-element-fb7f149 elementor-widget elementor-widget-text-editor\" data-id=\"fb7f149\" data-element_type=\"widget\" data-widget_type=\"text-editor.default\">\n\t\t\t\t<div class=\"elementor-widget-container\">\n\t\t\t\t\t\t\tWe participate in the techno-economic paradigm shift, embracing knowledge-based processes.\t\t\t\t\t\t<\/div>\n\t\t\t\t<\/div>\n\t\t\t\t\t<\/div>\n\t\t<\/div>\n\t\t\t\t\t<\/div>\n\t\t<\/section>\n\t\t\t\t\t<\/div>\n\t\t<\/div>\n\t\t\t\t\t<\/div>\n\t\t<\/section>\n\t\t\t\t<section class=\"elementor-section elementor-top-section elementor-element elementor-element-54353f0 elementor-section-full_width elementor-section-stretched elementor-section-height-default elementor-section-height-default\" data-id=\"54353f0\" data-element_type=\"section\" id=\"references\" data-settings=\"{&quot;stretch_section&quot;:&quot;section-stretched&quot;,&quot;background_background&quot;:&quot;classic&quot;}\">\n\t\t\t\t\t\t<div class=\"elementor-container elementor-column-gap-default\">\n\t\t\t\t\t<div class=\"elementor-column elementor-col-100 elementor-top-column elementor-element elementor-element-3b45b7f\" data-id=\"3b45b7f\" data-element_type=\"column\">\n\t\t\t<div class=\"elementor-widget-wrap elementor-element-populated\">\n\t\t\t\t\t\t<section class=\"elementor-section elementor-inner-section elementor-element elementor-element-9b04b3d elementor-section-boxed elementor-section-height-default elementor-section-height-default\" data-id=\"9b04b3d\" data-element_type=\"section\">\n\t\t\t\t\t\t<div class=\"elementor-container elementor-column-gap-default\">\n\t\t\t\t\t<div class=\"elementor-column elementor-col-50 elementor-inner-column elementor-element elementor-element-aac367f\" data-id=\"aac367f\" data-element_type=\"column\">\n\t\t\t<div class=\"elementor-widget-wrap elementor-element-populated\">\n\t\t\t\t\t\t<div class=\"elementor-element elementor-element-bc64a37 elementor-widget elementor-widget-image\" data-id=\"bc64a37\" data-element_type=\"widget\" data-widget_type=\"image.default\">\n\t\t\t\t<div class=\"elementor-widget-container\">\n\t\t\t\t\t\t\t\t\t\t\t\t\t<img loading=\"lazy\" decoding=\"async\" width=\"800\" height=\"800\" src=\"https:\/\/weiselogik.de\/wp-content\/uploads\/it-software-solutions-1024x1024.jpg\" class=\"attachment-large size-large wp-image-12304\" alt=\"\" srcset=\"https:\/\/weiselogik.de\/wp-content\/uploads\/it-software-solutions-1024x1024.jpg 1024w, https:\/\/weiselogik.de\/wp-content\/uploads\/it-software-solutions-300x300.jpg 300w, https:\/\/weiselogik.de\/wp-content\/uploads\/it-software-solutions-150x150.jpg 150w, https:\/\/weiselogik.de\/wp-content\/uploads\/it-software-solutions-768x768.jpg 768w, https:\/\/weiselogik.de\/wp-content\/uploads\/it-software-solutions.jpg 1200w\" sizes=\"(max-width: 800px) 100vw, 800px\" \/>\t\t\t\t\t\t\t\t\t\t\t\t\t<\/div>\n\t\t\t\t<\/div>\n\t\t\t\t\t<\/div>\n\t\t<\/div>\n\t\t\t\t<div class=\"elementor-column elementor-col-50 elementor-inner-column elementor-element elementor-element-95d40e2\" data-id=\"95d40e2\" data-element_type=\"column\">\n\t\t\t<div class=\"elementor-widget-wrap elementor-element-populated\">\n\t\t\t\t\t\t<div class=\"elementor-element elementor-element-360d3c2 elementor-widget elementor-widget-text-editor\" data-id=\"360d3c2\" data-element_type=\"widget\" data-widget_type=\"text-editor.default\">\n\t\t\t\t<div class=\"elementor-widget-container\">\n\t\t\t\t\t\t\t<h2><strong>References:<\/strong><\/h2><ul><li>Bank&amp;Insurance (BNP Paribas, KBC)<\/li><li>Telco (Vodafone, TDF Group)<\/li><li>Broadcasting (RTL Group)<\/li><li>Services (IBM, Qualysoft)<\/li><li>Energy (E.On, BP)<\/li><li>Aviation (Wizzair)<\/li><li>Automotive (Daimler, VW, Toyota)<\/li><li>Construction (Eiffage Group, Grupo Montrel SA, Layher, Grupo Lar)<\/li><\/ul>\t\t\t\t\t\t<\/div>\n\t\t\t\t<\/div>\n\t\t\t\t\t<\/div>\n\t\t<\/div>\n\t\t\t\t\t<\/div>\n\t\t<\/section>\n\t\t\t\t\t<\/div>\n\t\t<\/div>\n\t\t\t\t\t<\/div>\n\t\t<\/section>\n\t\t\t\t<section class=\"elementor-section elementor-top-section elementor-element elementor-element-cfb9129 elementor-section-boxed elementor-section-height-default elementor-section-height-default\" data-id=\"cfb9129\" data-element_type=\"section\" id=\"technology-stack\">\n\t\t\t\t\t\t<div class=\"elementor-container elementor-column-gap-default\">\n\t\t\t\t\t<div class=\"elementor-column elementor-col-100 elementor-top-column elementor-element elementor-element-f607adc\" data-id=\"f607adc\" data-element_type=\"column\">\n\t\t\t<div class=\"elementor-widget-wrap elementor-element-populated\">\n\t\t\t\t\t\t<div class=\"elementor-element elementor-element-8fed691 elementor-widget elementor-widget-heading\" data-id=\"8fed691\" data-element_type=\"widget\" data-widget_type=\"heading.default\">\n\t\t\t\t<div class=\"elementor-widget-container\">\n\t\t\t<style>\/*! elementor - v3.23.0 - 05-08-2024 *\/\n.elementor-heading-title{padding:0;margin:0;line-height:1}.elementor-widget-heading .elementor-heading-title[class*=elementor-size-]>a{color:inherit;font-size:inherit;line-height:inherit}.elementor-widget-heading .elementor-heading-title.elementor-size-small{font-size:15px}.elementor-widget-heading .elementor-heading-title.elementor-size-medium{font-size:19px}.elementor-widget-heading .elementor-heading-title.elementor-size-large{font-size:29px}.elementor-widget-heading .elementor-heading-title.elementor-size-xl{font-size:39px}.elementor-widget-heading .elementor-heading-title.elementor-size-xxl{font-size:59px}<\/style><h2 class=\"elementor-heading-title elementor-size-default\">WE ARE HAPPY TO ASSIST YOU WITH THE FOLLOWING REQUIREMENTS (Technology stack):<\/h2>\t\t<\/div>\n\t\t\t\t<\/div>\n\t\t\t\t<section class=\"elementor-section elementor-inner-section elementor-element elementor-element-1232dfb elementor-section-boxed elementor-section-height-default elementor-section-height-default\" data-id=\"1232dfb\" data-element_type=\"section\">\n\t\t\t\t\t\t<div class=\"elementor-container elementor-column-gap-wide\">\n\t\t\t\t\t<div class=\"elementor-column elementor-col-33 elementor-inner-column elementor-element elementor-element-debea3f elementor-invisible\" data-id=\"debea3f\" data-element_type=\"column\" data-settings=\"{&quot;animation&quot;:&quot;slideInLeft&quot;}\">\n\t\t\t<div class=\"elementor-widget-wrap elementor-element-populated\">\n\t\t\t\t\t\t<div class=\"elementor-element elementor-element-62c3f63 elementor-widget elementor-widget-text-editor\" data-id=\"62c3f63\" data-element_type=\"widget\" data-widget_type=\"text-editor.default\">\n\t\t\t\t<div class=\"elementor-widget-container\">\n\t\t\t\t\t\t\t<p><strong>Data Mining<\/strong> (~20 people, technology: Python) Applied mathematics, data analysis, modelling, algorithm development and complete application implementation in the field of industry and energy. Other technologies used: R, Matlab<\/p>\t\t\t\t\t\t<\/div>\n\t\t\t\t<\/div>\n\t\t\t\t<div class=\"elementor-element elementor-element-c3afdfa elementor-widget elementor-widget-text-editor\" data-id=\"c3afdfa\" data-element_type=\"widget\" data-widget_type=\"text-editor.default\">\n\t\t\t\t<div class=\"elementor-widget-container\">\n\t\t\t\t\t\t\t<p><strong>RPA implementation<\/strong> (~10 people, technology: Uipath, Automation Anywhere) &#8211; With our Robotic Process Automation service, we offer comprehensive support in optimising business processes and increasing the efficiency of organisations, from process assessment, planning and development to implementation and operation.<\/p>\t\t\t\t\t\t<\/div>\n\t\t\t\t<\/div>\n\t\t\t\t<div class=\"elementor-element elementor-element-35787a4 elementor-widget elementor-widget-text-editor\" data-id=\"35787a4\" data-element_type=\"widget\" data-widget_type=\"text-editor.default\">\n\t\t\t\t<div class=\"elementor-widget-container\">\n\t\t\t\t\t\t\t<p><strong>Custom software development<\/strong> (approx. 40 people, technology: .NET) &#8211; We offer complete custom application development services for public administration and large companies. Front-end, back-end, devops, management, waterfall\/scrum, Docker, Kubernetes environment. Our unique strength is GIS (Geoinformatics).<\/p>\t\t\t\t\t\t<\/div>\n\t\t\t\t<\/div>\n\t\t\t\t\t<\/div>\n\t\t<\/div>\n\t\t\t\t<div class=\"elementor-column elementor-col-33 elementor-inner-column elementor-element elementor-element-d562aba\" data-id=\"d562aba\" data-element_type=\"column\">\n\t\t\t<div class=\"elementor-widget-wrap elementor-element-populated\">\n\t\t\t\t\t\t<div class=\"elementor-element elementor-element-d6e9738 elementor-widget elementor-widget-image\" data-id=\"d6e9738\" data-element_type=\"widget\" data-widget_type=\"image.default\">\n\t\t\t\t<div class=\"elementor-widget-container\">\n\t\t\t\t\t\t\t\t\t\t\t\t\t<img loading=\"lazy\" decoding=\"async\" width=\"800\" height=\"712\" src=\"https:\/\/weiselogik.de\/wp-content\/uploads\/IT-shapes.jpg\" class=\"attachment-large size-large wp-image-12353\" alt=\"\" srcset=\"https:\/\/weiselogik.de\/wp-content\/uploads\/IT-shapes.jpg 969w, https:\/\/weiselogik.de\/wp-content\/uploads\/IT-shapes-300x267.jpg 300w, https:\/\/weiselogik.de\/wp-content\/uploads\/IT-shapes-768x683.jpg 768w\" sizes=\"(max-width: 800px) 100vw, 800px\" \/>\t\t\t\t\t\t\t\t\t\t\t\t\t<\/div>\n\t\t\t\t<\/div>\n\t\t\t\t\t<\/div>\n\t\t<\/div>\n\t\t\t\t<div class=\"elementor-column elementor-col-33 elementor-inner-column elementor-element elementor-element-a309521 elementor-invisible\" data-id=\"a309521\" data-element_type=\"column\" data-settings=\"{&quot;animation&quot;:&quot;slideInRight&quot;}\">\n\t\t\t<div class=\"elementor-widget-wrap elementor-element-populated\">\n\t\t\t\t\t\t<div class=\"elementor-element elementor-element-a85c42a elementor-widget elementor-widget-text-editor\" data-id=\"a85c42a\" data-element_type=\"widget\" data-widget_type=\"text-editor.default\">\n\t\t\t\t<div class=\"elementor-widget-container\">\n\t\t\t\t\t\t\t<p><strong>IT and telecommunication consulting<\/strong> (~30 people) &#8211; Our consulting services related to digitalisation developments and operational development: process , organisational development, IT organisational survey, IT strategy, project management (PM,PO) As a specialist consultant &#8211; besides wired optical developments &#8211; one of our focus areas is the deployment of 5G.<\/p>\t\t\t\t\t\t<\/div>\n\t\t\t\t<\/div>\n\t\t\t\t<div class=\"elementor-element elementor-element-f97a83f elementor-widget elementor-widget-text-editor\" data-id=\"f97a83f\" data-element_type=\"widget\" data-widget_type=\"text-editor.default\">\n\t\t\t\t<div class=\"elementor-widget-container\">\n\t\t\t\t\t\t\t<p><strong>ICT market research<\/strong> (approx. 5 persons) \u2013 Extensive, qualitative (in-depth interview, focus group) and quantitative (data collection of large amounts of data with different methods, modelling, data mining) research experience in public administration, private households, companies and municipalities Government segments. Applied technologies: SPSS, Power BI, Python, R<\/p>\t\t\t\t\t\t<\/div>\n\t\t\t\t<\/div>\n\t\t\t\t<div class=\"elementor-element elementor-element-a27f32e elementor-widget elementor-widget-text-editor\" data-id=\"a27f32e\" data-element_type=\"widget\" data-widget_type=\"text-editor.default\">\n\t\t\t\t<div class=\"elementor-widget-container\">\n\t\t\t\t\t\t\t<p><strong>Enterprise Resource Planning<\/strong> (approx. 6 people): MS NAV, Business Central, MS Dynamics AX, MS CRM, D365 Sales, PowerBI (optimisation of controlling processes, development and visualisation), Power Apps, Power Automate<\/p>\t\t\t\t\t\t<\/div>\n\t\t\t\t<\/div>\n\t\t\t\t\t<\/div>\n\t\t<\/div>\n\t\t\t\t\t<\/div>\n\t\t<\/section>\n\t\t\t\t\t<\/div>\n\t\t<\/div>\n\t\t\t\t\t<\/div>\n\t\t<\/section>\n\t\t\t\t<section class=\"elementor-section elementor-top-section elementor-element elementor-element-1f86817 elementor-section-boxed elementor-section-height-default elementor-section-height-default\" data-id=\"1f86817\" data-element_type=\"section\" id=\"certificates\">\n\t\t\t\t\t\t<div class=\"elementor-container elementor-column-gap-default\">\n\t\t\t\t\t<div class=\"elementor-column elementor-col-100 elementor-top-column elementor-element elementor-element-d115256\" data-id=\"d115256\" data-element_type=\"column\">\n\t\t\t<div class=\"elementor-widget-wrap elementor-element-populated\">\n\t\t\t\t\t\t<section class=\"elementor-section elementor-inner-section elementor-element elementor-element-1b2c7a4 elementor-section-boxed elementor-section-height-default elementor-section-height-default\" data-id=\"1b2c7a4\" data-element_type=\"section\">\n\t\t\t\t\t\t<div class=\"elementor-container elementor-column-gap-default\">\n\t\t\t\t\t<div class=\"elementor-column elementor-col-100 elementor-inner-column elementor-element elementor-element-ce1620e\" data-id=\"ce1620e\" data-element_type=\"column\">\n\t\t\t<div class=\"elementor-widget-wrap elementor-element-populated\">\n\t\t\t\t\t\t<div class=\"elementor-element elementor-element-81a4540 elementor-widget elementor-widget-heading\" data-id=\"81a4540\" data-element_type=\"widget\" data-widget_type=\"heading.default\">\n\t\t\t\t<div class=\"elementor-widget-container\">\n\t\t\t<h2 class=\"elementor-heading-title elementor-size-default\">WEISELOGIK COLLEGUES OWN FOLLOWING CERTIFICATIONS:<\/h2>\t\t<\/div>\n\t\t\t\t<\/div>\n\t\t\t\t<div class=\"elementor-element elementor-element-1a561a4 elementor-widget elementor-widget-text-editor\" data-id=\"1a561a4\" data-element_type=\"widget\" data-widget_type=\"text-editor.default\">\n\t\t\t\t<div class=\"elementor-widget-container\">\n\t\t\t\t\t\t\t<ul><li>Microsoft Certified<ul><li>Azure Fundamentals,<\/li><li>Azure AI Fundamentals,<\/li><li>Azure Data Fundamentals,<\/li><li>Azure AI Engineer Associate,<\/li><li>Data Scientist Associate,<\/li><li>Administrator,<\/li><li>DevOps Engineere Expert,<\/li><li>Developer<\/li><li>Web Developer<\/li><\/ul><\/li><\/ul><ul><li>International Software Testing Qualifications Board &#8211; ISTQB<\/li><li>ITIL Foundation Certificate in IT Service Management<\/li><li>Air Traffic Safety Electronics Personnel &#8211; ATSEP<\/li><li>CISA Certified Information Systems Auditor &#8211; CISA<\/li><li>Microsoft Certified Solutions: Expert &#8211; Cloud Platform and Infra, Office 365, Server<\/li><li>HPE ASE: Hybrid IT Solutions, Storage Solutions, Server Solutions<\/li><li>HPE ATP &#8211; Hybrid IT Solutions V2<\/li><li>VMware Certified Associate \u2013 DBT<\/li><li>International Projectmanagement Associate \u2013 IPMA-C<\/li><li>Certified Management Consultant \u2013 CMC vezet\u00e9si tan\u00e1csad\u00f3<\/li><li>Project Management Professional certificate \u2013 PMP<\/li><li>Certified Scrum Product Owner (CSPO)<\/li><\/ul>\t\t\t\t\t\t<\/div>\n\t\t\t\t<\/div>\n\t\t\t\t\t<\/div>\n\t\t<\/div>\n\t\t\t\t\t<\/div>\n\t\t<\/section>\n\t\t\t\t\t<\/div>\n\t\t<\/div>\n\t\t\t\t\t<\/div>\n\t\t<\/section>\n\t\t\t\t<\/div>\n\t\t","protected":false},"excerpt":{"rendered":"<p>We source and develop solutions for the IT industry. We&hellip;<\/p>\n<p> <a class=\"more-link\" href=\"https:\/\/weiselogik.de\/?page_id=8754&#038;lang=en\">B\u0151vebben<\/a><\/p>\n","protected":false},"author":1,"featured_media":1,"parent":0,"menu_order":0,"comment_status":"closed","ping_status":"closed","template":"","meta":{"inline_featured_image":false,"footnotes":""},"class_list":["post-8754","page","type-page","status-publish","has-post-thumbnail"],"_links":{"self":[{"href":"https:\/\/weiselogik.de\/index.php?rest_route=\/wp\/v2\/pages\/8754","targetHints":{"allow":["GET"]}}],"collection":[{"href":"https:\/\/weiselogik.de\/index.php?rest_route=\/wp\/v2\/pages"}],"about":[{"href":"https:\/\/weiselogik.de\/index.php?rest_route=\/wp\/v2\/types\/page"}],"author":[{"embeddable":true,"href":"https:\/\/weiselogik.de\/index.php?rest_route=\/wp\/v2\/users\/1"}],"replies":[{"embeddable":true,"href":"https:\/\/weiselogik.de\/index.php?rest_route=%2Fwp%2Fv2%2Fcomments&post=8754"}],"version-history":[{"count":111,"href":"https:\/\/weiselogik.de\/index.php?rest_route=\/wp\/v2\/pages\/8754\/revisions"}],"predecessor-version":[{"id":12703,"href":"https:\/\/weiselogik.de\/index.php?rest_route=\/wp\/v2\/pages\/8754\/revisions\/12703"}],"wp:featuredmedia":[{"embeddable":true,"href":"https:\/\/weiselogik.de\/index.php?rest_route=\/"}],"wp:attachment":[{"href":"https:\/\/weiselogik.de\/index.php?rest_route=%2Fwp%2Fv2%2Fmedia&parent=8754"}],"curies":[{"name":"wp","href":"https:\/\/api.w.org\/{rel}","templated":true}]}}