{"id":12139,"date":"2022-11-09T08:20:09","date_gmt":"2022-11-09T08:20:09","guid":{"rendered":"http:\/\/weiselogik.de\/home-deutsch\/"},"modified":"2022-11-16T21:54:06","modified_gmt":"2022-11-16T21:54:06","slug":"home-deutsch","status":"publish","type":"page","link":"https:\/\/weiselogik.de\/","title":{"rendered":"Home &#8211; Deutsch"},"content":{"rendered":"\t\t<div data-elementor-type=\"wp-page\" data-elementor-id=\"12139\" class=\"elementor elementor-12139\">\n\t\t\t\t\t\t<section class=\"elementor-section elementor-top-section elementor-element elementor-element-73ddc40 elementor-section-height-min-height elementor-section-items-top elementor-section-content-top elementor-section-stretched elementor-section-boxed elementor-section-height-default\" data-id=\"73ddc40\" data-element_type=\"section\" id=\"home\" data-settings=\"{&quot;stretch_section&quot;:&quot;section-stretched&quot;,&quot;background_background&quot;:&quot;classic&quot;,&quot;shape_divider_bottom&quot;:&quot;tilt&quot;}\">\n\t\t\t\t\t\t\t<div class=\"elementor-background-overlay\"><\/div>\n\t\t\t\t\t\t<div class=\"elementor-shape elementor-shape-bottom\" data-negative=\"false\">\n\t\t\t<svg xmlns=\"http:\/\/www.w3.org\/2000\/svg\" viewBox=\"0 0 1000 100\" preserveAspectRatio=\"none\">\n\t<path class=\"elementor-shape-fill\" d=\"M0,6V0h1000v100L0,6z\"\/>\n<\/svg>\t\t<\/div>\n\t\t\t\t\t<div class=\"elementor-container elementor-column-gap-default\">\n\t\t\t\t\t<div class=\"elementor-column elementor-col-100 elementor-top-column elementor-element elementor-element-30e5544\" data-id=\"30e5544\" data-element_type=\"column\">\n\t\t\t<div class=\"elementor-widget-wrap elementor-element-populated\">\n\t\t\t\t\t\t<section class=\"elementor-section elementor-inner-section elementor-element elementor-element-9c24a47 elementor-section-full_width elementor-section-height-default elementor-section-height-default\" data-id=\"9c24a47\" data-element_type=\"section\">\n\t\t\t\t\t\t<div class=\"elementor-container elementor-column-gap-default\">\n\t\t\t\t\t<div class=\"elementor-column elementor-col-100 elementor-inner-column elementor-element elementor-element-7e4aa53\" data-id=\"7e4aa53\" data-element_type=\"column\">\n\t\t\t<div class=\"elementor-widget-wrap elementor-element-populated\">\n\t\t\t\t\t\t<div class=\"elementor-element elementor-element-c37a597 elementor-widget elementor-widget-image\" data-id=\"c37a597\" data-element_type=\"widget\" data-widget_type=\"image.default\">\n\t\t\t\t<div class=\"elementor-widget-container\">\n\t\t\t<style>\/*! elementor - v3.23.0 - 05-08-2024 *\/\n.elementor-widget-image{text-align:center}.elementor-widget-image a{display:inline-block}.elementor-widget-image a img[src$=\".svg\"]{width:48px}.elementor-widget-image img{vertical-align:middle;display:inline-block}<\/style>\t\t\t\t\t\t\t\t\t\t<img decoding=\"async\" width=\"150\" height=\"150\" src=\"https:\/\/weiselogik.de\/wp-content\/uploads\/2022\/11\/WL-logo-negyzet-2szin-150x150.png\" class=\"attachment-thumbnail size-thumbnail wp-image-12225\" alt=\"\" srcset=\"https:\/\/weiselogik.de\/wp-content\/uploads\/2022\/11\/WL-logo-negyzet-2szin-150x150.png 150w, https:\/\/weiselogik.de\/wp-content\/uploads\/2022\/11\/WL-logo-negyzet-2szin-300x300.png 300w, https:\/\/weiselogik.de\/wp-content\/uploads\/2022\/11\/WL-logo-negyzet-2szin-768x770.png 768w, https:\/\/weiselogik.de\/wp-content\/uploads\/2022\/11\/WL-logo-negyzet-2szin.png 949w\" sizes=\"(max-width: 150px) 100vw, 150px\" \/>\t\t\t\t\t\t\t\t\t\t\t\t\t<\/div>\n\t\t\t\t<\/div>\n\t\t\t\t<div class=\"elementor-element elementor-element-6f54692 elementor-widget__width-inherit elementor-widget elementor-widget-writing-effect-headline\" data-id=\"6f54692\" data-element_type=\"widget\" data-widget_type=\"writing-effect-headline.default\">\n\t\t\t\t<div class=\"elementor-widget-container\">\n\t\t\t\t\t<h3 class=\"a13ree-written-headline\" data-speed=\"10\" data-loop=\"1\">\r\n\t\t\t\t\t\t\t<span class=\"before-written\">Startup mit Fokus auf DACH Region mit Hauptsitz in Ungarn<\/span>\r\n\t\t\t\r\n\t\t\t\r\n\t\t\t\t\t<\/h3>\r\n\t\t\t\t<\/div>\n\t\t\t\t<\/div>\n\t\t\t\t\t<\/div>\n\t\t<\/div>\n\t\t\t\t\t<\/div>\n\t\t<\/section>\n\t\t\t\t\t<\/div>\n\t\t<\/div>\n\t\t\t\t\t<\/div>\n\t\t<\/section>\n\t\t\t\t<section class=\"elementor-section elementor-top-section elementor-element elementor-element-24a64dc elementor-section-boxed elementor-section-height-default elementor-section-height-default\" data-id=\"24a64dc\" data-element_type=\"section\" id=\"uber-uns\">\n\t\t\t\t\t\t<div class=\"elementor-container elementor-column-gap-default\">\n\t\t\t\t\t<div class=\"elementor-column elementor-col-100 elementor-top-column elementor-element elementor-element-c5e64a8\" data-id=\"c5e64a8\" data-element_type=\"column\">\n\t\t\t<div class=\"elementor-widget-wrap elementor-element-populated\">\n\t\t\t\t\t\t<section class=\"elementor-section elementor-inner-section elementor-element elementor-element-43491d7 elementor-section-boxed elementor-section-height-default elementor-section-height-default\" data-id=\"43491d7\" data-element_type=\"section\">\n\t\t\t\t\t\t<div class=\"elementor-container elementor-column-gap-default\">\n\t\t\t\t\t<div class=\"elementor-column elementor-col-50 elementor-inner-column elementor-element elementor-element-8e9085b\" data-id=\"8e9085b\" data-element_type=\"column\">\n\t\t\t<div class=\"elementor-widget-wrap elementor-element-populated\">\n\t\t\t\t\t\t<div class=\"elementor-element elementor-element-7a410fb elementor-widget elementor-widget-image\" data-id=\"7a410fb\" data-element_type=\"widget\" data-widget_type=\"image.default\">\n\t\t\t\t<div class=\"elementor-widget-container\">\n\t\t\t\t\t\t\t\t\t\t\t\t\t<img decoding=\"async\" width=\"150\" height=\"150\" src=\"https:\/\/weiselogik.de\/wp-content\/uploads\/bulb-150x150.png\" class=\"attachment-thumbnail size-thumbnail wp-image-12283\" alt=\"\" srcset=\"https:\/\/weiselogik.de\/wp-content\/uploads\/bulb-150x150.png 150w, https:\/\/weiselogik.de\/wp-content\/uploads\/elementor\/thumbs\/bulb-pxgd6jtket48lfnh957eb1qipxw5wqjalyc6sw24c4.png 50w, https:\/\/weiselogik.de\/wp-content\/uploads\/bulb.png 256w\" sizes=\"(max-width: 150px) 100vw, 150px\" \/>\t\t\t\t\t\t\t\t\t\t\t\t\t<\/div>\n\t\t\t\t<\/div>\n\t\t\t\t<div class=\"elementor-element elementor-element-0a9b1a1 elementor-widget elementor-widget-text-editor\" data-id=\"0a9b1a1\" data-element_type=\"widget\" data-widget_type=\"text-editor.default\">\n\t\t\t\t<div class=\"elementor-widget-container\">\n\t\t\t<style>\/*! elementor - v3.23.0 - 05-08-2024 *\/\n.elementor-widget-text-editor.elementor-drop-cap-view-stacked .elementor-drop-cap{background-color:#69727d;color:#fff}.elementor-widget-text-editor.elementor-drop-cap-view-framed .elementor-drop-cap{color:#69727d;border:3px solid;background-color:transparent}.elementor-widget-text-editor:not(.elementor-drop-cap-view-default) .elementor-drop-cap{margin-top:8px}.elementor-widget-text-editor:not(.elementor-drop-cap-view-default) .elementor-drop-cap-letter{width:1em;height:1em}.elementor-widget-text-editor .elementor-drop-cap{float:left;text-align:center;line-height:1;font-size:50px}.elementor-widget-text-editor .elementor-drop-cap-letter{display:inline-block}<\/style>\t\t\t\t<p>Wir sourcen und entwickeln L\u00f6sungen f\u00fcr die IT Industrie. Wir schaffen skalierbare-, offene und flexible L\u00f6sungen wobei integrieren Innovation, Wissen und \u00c4nderungsmanagement.<\/p>\t\t\t\t\t\t<\/div>\n\t\t\t\t<\/div>\n\t\t\t\t\t<\/div>\n\t\t<\/div>\n\t\t\t\t<div class=\"elementor-column elementor-col-50 elementor-inner-column elementor-element elementor-element-f57c86c\" data-id=\"f57c86c\" data-element_type=\"column\">\n\t\t\t<div class=\"elementor-widget-wrap elementor-element-populated\">\n\t\t\t\t\t\t<div class=\"elementor-element elementor-element-7a1b66e elementor-widget elementor-widget-image\" data-id=\"7a1b66e\" data-element_type=\"widget\" data-widget_type=\"image.default\">\n\t\t\t\t<div class=\"elementor-widget-container\">\n\t\t\t\t\t\t\t\t\t\t\t\t\t<img fetchpriority=\"high\" decoding=\"async\" width=\"256\" height=\"256\" src=\"https:\/\/weiselogik.de\/wp-content\/uploads\/networking.png\" class=\"attachment-large size-large wp-image-12287\" alt=\"\" srcset=\"https:\/\/weiselogik.de\/wp-content\/uploads\/networking.png 256w, https:\/\/weiselogik.de\/wp-content\/uploads\/networking-150x150.png 150w\" sizes=\"(max-width: 256px) 100vw, 256px\" \/>\t\t\t\t\t\t\t\t\t\t\t\t\t<\/div>\n\t\t\t\t<\/div>\n\t\t\t\t<div class=\"elementor-element elementor-element-39661cb elementor-widget elementor-widget-text-editor\" data-id=\"39661cb\" data-element_type=\"widget\" data-widget_type=\"text-editor.default\">\n\t\t\t\t<div class=\"elementor-widget-container\">\n\t\t\t\t\t\t\t<p>Wir wirken am techno-\u00f6konomischen Paradigmenwechsel mit, umfassen wissensbasierten Prozessen.<\/p>\t\t\t\t\t\t<\/div>\n\t\t\t\t<\/div>\n\t\t\t\t\t<\/div>\n\t\t<\/div>\n\t\t\t\t\t<\/div>\n\t\t<\/section>\n\t\t\t\t\t<\/div>\n\t\t<\/div>\n\t\t\t\t\t<\/div>\n\t\t<\/section>\n\t\t\t\t<section class=\"elementor-section elementor-top-section elementor-element elementor-element-fc1a4ef elementor-section-full_width elementor-section-stretched elementor-section-height-default elementor-section-height-default\" data-id=\"fc1a4ef\" data-element_type=\"section\" id=\"referenzen\" data-settings=\"{&quot;stretch_section&quot;:&quot;section-stretched&quot;,&quot;background_background&quot;:&quot;classic&quot;}\">\n\t\t\t\t\t\t<div class=\"elementor-container elementor-column-gap-default\">\n\t\t\t\t\t<div class=\"elementor-column elementor-col-100 elementor-top-column elementor-element elementor-element-546faca\" data-id=\"546faca\" data-element_type=\"column\">\n\t\t\t<div class=\"elementor-widget-wrap elementor-element-populated\">\n\t\t\t\t\t\t<section class=\"elementor-section elementor-inner-section elementor-element elementor-element-2df44d6 elementor-section-boxed elementor-section-height-default elementor-section-height-default\" data-id=\"2df44d6\" data-element_type=\"section\">\n\t\t\t\t\t\t<div class=\"elementor-container elementor-column-gap-default\">\n\t\t\t\t\t<div class=\"elementor-column elementor-col-50 elementor-inner-column elementor-element elementor-element-859ee5d elementor-invisible\" data-id=\"859ee5d\" data-element_type=\"column\" data-settings=\"{&quot;animation&quot;:&quot;fadeIn&quot;}\">\n\t\t\t<div class=\"elementor-widget-wrap elementor-element-populated\">\n\t\t\t\t\t\t<div class=\"elementor-element elementor-element-b4f6eaf elementor-widget elementor-widget-image\" data-id=\"b4f6eaf\" data-element_type=\"widget\" data-widget_type=\"image.default\">\n\t\t\t\t<div class=\"elementor-widget-container\">\n\t\t\t\t\t\t\t\t\t\t\t\t\t<img loading=\"lazy\" decoding=\"async\" width=\"800\" height=\"800\" src=\"https:\/\/weiselogik.de\/wp-content\/uploads\/it-software-solutions-1024x1024.jpg\" class=\"attachment-large size-large wp-image-12304\" alt=\"\" srcset=\"https:\/\/weiselogik.de\/wp-content\/uploads\/it-software-solutions-1024x1024.jpg 1024w, https:\/\/weiselogik.de\/wp-content\/uploads\/it-software-solutions-300x300.jpg 300w, https:\/\/weiselogik.de\/wp-content\/uploads\/it-software-solutions-150x150.jpg 150w, https:\/\/weiselogik.de\/wp-content\/uploads\/it-software-solutions-768x768.jpg 768w, https:\/\/weiselogik.de\/wp-content\/uploads\/it-software-solutions.jpg 1200w\" sizes=\"(max-width: 800px) 100vw, 800px\" \/>\t\t\t\t\t\t\t\t\t\t\t\t\t<\/div>\n\t\t\t\t<\/div>\n\t\t\t\t\t<\/div>\n\t\t<\/div>\n\t\t\t\t<div class=\"elementor-column elementor-col-50 elementor-inner-column elementor-element elementor-element-56c4ff0 elementor-invisible\" data-id=\"56c4ff0\" data-element_type=\"column\" data-settings=\"{&quot;animation&quot;:&quot;fadeIn&quot;}\">\n\t\t\t<div class=\"elementor-widget-wrap elementor-element-populated\">\n\t\t\t\t\t\t<div class=\"elementor-element elementor-element-44317ac elementor-widget elementor-widget-text-editor\" data-id=\"44317ac\" data-element_type=\"widget\" data-widget_type=\"text-editor.default\">\n\t\t\t\t<div class=\"elementor-widget-container\">\n\t\t\t\t\t\t\t<h2><strong>Referenzen:<\/strong><\/h2>\n<ul>\n \t<li>Bank&amp;Insurance (BNP Paribas, KBC)<\/li>\n \t<li>Telco (Vodafone, TDF Group)<\/li>\n \t<li>Broadcasting (RTL Group)<\/li>\n \t<li>Services (IBM, Qualysoft)<\/li>\n \t<li>Energy (E.On, BP)<\/li>\n \t<li>Aviation (Wizzair)<\/li>\n \t<li>Automotive (Daimler, VW, Toyota)<\/li>\n \t<li>Construction (Eiffage Group, Grupo Montrel SA, Layher, Grupo Lar)<\/li>\n<\/ul>\t\t\t\t\t\t<\/div>\n\t\t\t\t<\/div>\n\t\t\t\t\t<\/div>\n\t\t<\/div>\n\t\t\t\t\t<\/div>\n\t\t<\/section>\n\t\t\t\t\t<\/div>\n\t\t<\/div>\n\t\t\t\t\t<\/div>\n\t\t<\/section>\n\t\t\t\t<section class=\"elementor-section elementor-top-section elementor-element elementor-element-85694a7 elementor-section-boxed elementor-section-height-default elementor-section-height-default\" data-id=\"85694a7\" data-element_type=\"section\" id=\"technologie-stack\">\n\t\t\t\t\t\t<div class=\"elementor-container elementor-column-gap-default\">\n\t\t\t\t\t<div class=\"elementor-column elementor-col-100 elementor-top-column elementor-element elementor-element-5e89dd6\" data-id=\"5e89dd6\" data-element_type=\"column\">\n\t\t\t<div class=\"elementor-widget-wrap elementor-element-populated\">\n\t\t\t\t\t\t<section class=\"elementor-section elementor-inner-section elementor-element elementor-element-12b5ad8 elementor-section-boxed elementor-section-height-default elementor-section-height-default\" data-id=\"12b5ad8\" data-element_type=\"section\">\n\t\t\t\t\t\t<div class=\"elementor-container elementor-column-gap-default\">\n\t\t\t\t\t<div class=\"elementor-column elementor-col-100 elementor-inner-column elementor-element elementor-element-960a5d6\" data-id=\"960a5d6\" data-element_type=\"column\">\n\t\t\t<div class=\"elementor-widget-wrap elementor-element-populated\">\n\t\t\t\t\t\t<div class=\"elementor-element elementor-element-f40b5c1 elementor-widget elementor-widget-heading\" data-id=\"f40b5c1\" data-element_type=\"widget\" data-widget_type=\"heading.default\">\n\t\t\t\t<div class=\"elementor-widget-container\">\n\t\t\t<style>\/*! elementor - v3.23.0 - 05-08-2024 *\/\n.elementor-heading-title{padding:0;margin:0;line-height:1}.elementor-widget-heading .elementor-heading-title[class*=elementor-size-]>a{color:inherit;font-size:inherit;line-height:inherit}.elementor-widget-heading .elementor-heading-title.elementor-size-small{font-size:15px}.elementor-widget-heading .elementor-heading-title.elementor-size-medium{font-size:19px}.elementor-widget-heading .elementor-heading-title.elementor-size-large{font-size:29px}.elementor-widget-heading .elementor-heading-title.elementor-size-xl{font-size:39px}.elementor-widget-heading .elementor-heading-title.elementor-size-xxl{font-size:59px}<\/style><h2 class=\"elementor-heading-title elementor-size-default\">Bei folgenden Anspr\u00fcchen sind wir f\u00fcr Sie gerne da (Technologie Stack): <\/h2>\t\t<\/div>\n\t\t\t\t<\/div>\n\t\t\t\t\t<\/div>\n\t\t<\/div>\n\t\t\t\t\t<\/div>\n\t\t<\/section>\n\t\t\t\t<section class=\"elementor-section elementor-inner-section elementor-element elementor-element-699bd2e elementor-section-boxed elementor-section-height-default elementor-section-height-default\" data-id=\"699bd2e\" data-element_type=\"section\">\n\t\t\t\t\t\t<div class=\"elementor-container elementor-column-gap-wide\">\n\t\t\t\t\t<div class=\"elementor-column elementor-col-33 elementor-inner-column elementor-element elementor-element-4956b7e elementor-invisible\" data-id=\"4956b7e\" data-element_type=\"column\" data-settings=\"{&quot;animation&quot;:&quot;slideInLeft&quot;}\">\n\t\t\t<div class=\"elementor-widget-wrap elementor-element-populated\">\n\t\t\t\t\t\t<div class=\"elementor-element elementor-element-41c37b2 elementor-widget elementor-widget-text-editor\" data-id=\"41c37b2\" data-element_type=\"widget\" data-widget_type=\"text-editor.default\">\n\t\t\t\t<div class=\"elementor-widget-container\">\n\t\t\t\t\t\t\t<strong>Data Mining<\/strong> (~20 Personen, Technologie: Python) Angewandte Mathematik, Datenanalyse, Modellierung, Algorithmen Entwicklung und komplette Anwendungsimplementierung im Bereich Industrie und Energie. Andere verwendete Technologien: R, Matlab\t\t\t\t\t\t<\/div>\n\t\t\t\t<\/div>\n\t\t\t\t<div class=\"elementor-element elementor-element-d0a1c0f elementor-widget elementor-widget-text-editor\" data-id=\"d0a1c0f\" data-element_type=\"widget\" data-widget_type=\"text-editor.default\">\n\t\t\t\t<div class=\"elementor-widget-container\">\n\t\t\t\t\t\t\t<strong>RPA-Implementierung<\/strong> (~10 Personen, Technologie: Uipath, Automation Anywhere) \u2013 Mit unserem Robotic Process Automation Service bieten wir umfassende Unterst\u00fctzung bei der Optimierung von Unternehmensprozessen und der Steigerung der Effizienz von Organisationen, von der Prozessbewertung \u00fcber die Planung und Entwicklung bis hin zur Implementierung und zum Betrieb.\t\t\t\t\t\t<\/div>\n\t\t\t\t<\/div>\n\t\t\t\t<div class=\"elementor-element elementor-element-73f387d elementor-widget elementor-widget-text-editor\" data-id=\"73f387d\" data-element_type=\"widget\" data-widget_type=\"text-editor.default\">\n\t\t\t\t<div class=\"elementor-widget-container\">\n\t\t\t\t\t\t\t<strong>Kundenspezifische Softwareentwicklung<\/strong> (ca. 40 Personen, Technologie: .NET) \u2013 Wir bieten komplette kundenspezifische Anwendungsentwicklungsdienste f\u00fcr die \u00f6ffentliche Verwaltung und f\u00fcr gro\u00dfen Unternehmen. Front-End, Back-End, Devops, Management, Wasserfall\/Scrum, Docker, Kubernetes-Umgebung. Unsere einzigartige St\u00e4rke ist GIS (Geoinformatik).\t\t\t\t\t\t<\/div>\n\t\t\t\t<\/div>\n\t\t\t\t\t<\/div>\n\t\t<\/div>\n\t\t\t\t<div class=\"elementor-column elementor-col-33 elementor-inner-column elementor-element elementor-element-f81fa33\" data-id=\"f81fa33\" data-element_type=\"column\">\n\t\t\t<div class=\"elementor-widget-wrap elementor-element-populated\">\n\t\t\t\t\t\t<div class=\"elementor-element elementor-element-fd1bc8b elementor-widget elementor-widget-image\" data-id=\"fd1bc8b\" data-element_type=\"widget\" data-widget_type=\"image.default\">\n\t\t\t\t<div class=\"elementor-widget-container\">\n\t\t\t\t\t\t\t\t\t\t\t\t\t<img loading=\"lazy\" decoding=\"async\" width=\"800\" height=\"712\" src=\"https:\/\/weiselogik.de\/wp-content\/uploads\/IT-shapes.jpg\" class=\"attachment-large size-large wp-image-12353\" alt=\"\" srcset=\"https:\/\/weiselogik.de\/wp-content\/uploads\/IT-shapes.jpg 969w, https:\/\/weiselogik.de\/wp-content\/uploads\/IT-shapes-300x267.jpg 300w, https:\/\/weiselogik.de\/wp-content\/uploads\/IT-shapes-768x683.jpg 768w\" sizes=\"(max-width: 800px) 100vw, 800px\" \/>\t\t\t\t\t\t\t\t\t\t\t\t\t<\/div>\n\t\t\t\t<\/div>\n\t\t\t\t\t<\/div>\n\t\t<\/div>\n\t\t\t\t<div class=\"elementor-column elementor-col-33 elementor-inner-column elementor-element elementor-element-20748de elementor-invisible\" data-id=\"20748de\" data-element_type=\"column\" data-settings=\"{&quot;animation&quot;:&quot;slideInRight&quot;}\">\n\t\t\t<div class=\"elementor-widget-wrap elementor-element-populated\">\n\t\t\t\t\t\t<div class=\"elementor-element elementor-element-9ad99e0 elementor-widget elementor-widget-text-editor\" data-id=\"9ad99e0\" data-element_type=\"widget\" data-widget_type=\"text-editor.default\">\n\t\t\t\t<div class=\"elementor-widget-container\">\n\t\t\t\t\t\t\t<strong>IT- und Telekommunikationsberatung<\/strong> (~30 Personen) \u2013 Unsere Beratungdienstleistungen im Zusammenhang mit Digitalisierungsentwicklungen und Betriebsentwicklung: Prozess , Organisationsentwicklung, IT-Organisationsumfrage, IT-Strategie, Projektmanagement (PM,PO) Als Fachberater &#8211; neben kabelgebundenen optischen Entwicklungen &#8211; einer unserer Schwerpunkte ist der Einsatz von 5G.\t\t\t\t\t\t<\/div>\n\t\t\t\t<\/div>\n\t\t\t\t<div class=\"elementor-element elementor-element-f3a56c1 elementor-widget elementor-widget-text-editor\" data-id=\"f3a56c1\" data-element_type=\"widget\" data-widget_type=\"text-editor.default\">\n\t\t\t\t<div class=\"elementor-widget-container\">\n\t\t\t\t\t\t\t<strong>IKT-Marktforschung<\/strong> (ca. 5 Personen) \u2013 Umfangreiche qualitative (Tiefeninterview, Fokusgruppe) und quantitative (Datenerhebung von gro\u00dfen Datenmengen mit unterschiedlichen Methoden, Modellierung, Data Mining) Forschungserfahrungen in der \u00f6ffentlichen Verwaltung, in Privathaushalten, Unternehmen und Kommunen Regierungssegmente. Angewandte Technologien: SPSS, Power BI, Python, R\t\t\t\t\t\t<\/div>\n\t\t\t\t<\/div>\n\t\t\t\t<div class=\"elementor-element elementor-element-3255f47 elementor-widget elementor-widget-text-editor\" data-id=\"3255f47\" data-element_type=\"widget\" data-widget_type=\"text-editor.default\">\n\t\t\t\t<div class=\"elementor-widget-container\">\n\t\t\t\t\t\t\t<strong>Enterprise Resource Planning <\/strong>(ca. 6 Personen): MS NAV, Business Central, MS Dynamics AX, MS CRM, D365 Sales, PowerBI (optimisierung von Kontrollingprozessen, Entwicklung und Visualisierung), Power Apps, Power Automate\t\t\t\t\t\t<\/div>\n\t\t\t\t<\/div>\n\t\t\t\t\t<\/div>\n\t\t<\/div>\n\t\t\t\t\t<\/div>\n\t\t<\/section>\n\t\t\t\t\t<\/div>\n\t\t<\/div>\n\t\t\t\t\t<\/div>\n\t\t<\/section>\n\t\t\t\t<section class=\"elementor-section elementor-top-section elementor-element elementor-element-9b72a91 elementor-section-boxed elementor-section-height-default elementor-section-height-default\" data-id=\"9b72a91\" data-element_type=\"section\" id=\"zertifizierungen\">\n\t\t\t\t\t\t<div class=\"elementor-container elementor-column-gap-default\">\n\t\t\t\t\t<div class=\"elementor-column elementor-col-100 elementor-top-column elementor-element elementor-element-27f06df\" data-id=\"27f06df\" data-element_type=\"column\">\n\t\t\t<div class=\"elementor-widget-wrap elementor-element-populated\">\n\t\t\t\t\t\t<section class=\"elementor-section elementor-inner-section elementor-element elementor-element-f6fc8aa elementor-section-boxed elementor-section-height-default elementor-section-height-default\" data-id=\"f6fc8aa\" data-element_type=\"section\">\n\t\t\t\t\t\t<div class=\"elementor-container elementor-column-gap-default\">\n\t\t\t\t\t<div class=\"elementor-column elementor-col-100 elementor-inner-column elementor-element elementor-element-3c118dd\" data-id=\"3c118dd\" data-element_type=\"column\">\n\t\t\t<div class=\"elementor-widget-wrap elementor-element-populated\">\n\t\t\t\t\t\t<div class=\"elementor-element elementor-element-f116bc8 elementor-widget elementor-widget-heading\" data-id=\"f116bc8\" data-element_type=\"widget\" data-widget_type=\"heading.default\">\n\t\t\t\t<div class=\"elementor-widget-container\">\n\t\t\t<h2 class=\"elementor-heading-title elementor-size-default\">WeiseLogik Kollegen verf\u00fcgen \u00fcber folgenden Zertifizierungen:<\/h2>\t\t<\/div>\n\t\t\t\t<\/div>\n\t\t\t\t<div class=\"elementor-element elementor-element-5064b98 elementor-widget elementor-widget-text-editor\" data-id=\"5064b98\" data-element_type=\"widget\" data-widget_type=\"text-editor.default\">\n\t\t\t\t<div class=\"elementor-widget-container\">\n\t\t\t\t\t\t\t<ul><li>Microsoft Certified<ul><li>Azure Fundamentals,<\/li><li>Azure AI Fundamentals,<\/li><li>Azure Data Fundamentals,<\/li><li>Azure AI Engineer Associate,<\/li><li>Data Scientist Associate,<\/li><li>Administrator,<\/li><li>DevOps Engineere Expert,<\/li><li>Developer<\/li><li>Web Developer<\/li><\/ul><\/li><\/ul><p>\u00a0<\/p><ul><li>International Software Testing Qualifications Board &#8211; ISTQB<\/li><li>ITIL Foundation Certificate in IT Service Management<\/li><li>Air Traffic Safety Electronics Personnel &#8211; ATSEP<\/li><li>CISA Certified Information Systems Auditor &#8211; CISA<\/li><li>Microsoft Certified Solutions: Expert &#8211; Cloud Platform and Infra, Office 365, Server<\/li><li>HPE ASE: Hybrid IT Solutions, Storage Solutions, Server Solutions<\/li><li>HPE ATP &#8211; Hybrid IT Solutions V2<\/li><li>VMware Certified Associate \u2013 DBT<\/li><li>International Projectmanagement Associate \u2013 IPMA-C<\/li><li>Certified Management Consultant \u2013 CMC vezet\u00e9si tan\u00e1csad\u00f3<\/li><li>Project Management Professional certificate \u2013 PMP<\/li><li>Certified Scrum Product Owner (CSPO)<\/li><\/ul>\t\t\t\t\t\t<\/div>\n\t\t\t\t<\/div>\n\t\t\t\t\t<\/div>\n\t\t<\/div>\n\t\t\t\t\t<\/div>\n\t\t<\/section>\n\t\t\t\t\t<\/div>\n\t\t<\/div>\n\t\t\t\t\t<\/div>\n\t\t<\/section>\n\t\t\t\t<\/div>\n\t\t","protected":false},"excerpt":{"rendered":"<p>Startup mit Fokus auf DACH Region mit Hauptsitz in Ungarn&hellip;<\/p>\n<p> <a class=\"more-link\" href=\"https:\/\/weiselogik.de\/\">B\u0151vebben<\/a><\/p>\n","protected":false},"author":1,"featured_media":0,"parent":0,"menu_order":0,"comment_status":"closed","ping_status":"closed","template":"","meta":{"inline_featured_image":false,"footnotes":""},"class_list":["post-12139","page","type-page","status-publish"],"_links":{"self":[{"href":"https:\/\/weiselogik.de\/index.php?rest_route=\/wp\/v2\/pages\/12139","targetHints":{"allow":["GET"]}}],"collection":[{"href":"https:\/\/weiselogik.de\/index.php?rest_route=\/wp\/v2\/pages"}],"about":[{"href":"https:\/\/weiselogik.de\/index.php?rest_route=\/wp\/v2\/types\/page"}],"author":[{"embeddable":true,"href":"https:\/\/weiselogik.de\/index.php?rest_route=\/wp\/v2\/users\/1"}],"replies":[{"embeddable":true,"href":"https:\/\/weiselogik.de\/index.php?rest_route=%2Fwp%2Fv2%2Fcomments&post=12139"}],"version-history":[{"count":267,"href":"https:\/\/weiselogik.de\/index.php?rest_route=\/wp\/v2\/pages\/12139\/revisions"}],"predecessor-version":[{"id":12692,"href":"https:\/\/weiselogik.de\/index.php?rest_route=\/wp\/v2\/pages\/12139\/revisions\/12692"}],"wp:attachment":[{"href":"https:\/\/weiselogik.de\/index.php?rest_route=%2Fwp%2Fv2%2Fmedia&parent=12139"}],"curies":[{"name":"wp","href":"https:\/\/api.w.org\/{rel}","templated":true}]}}